{"id":1119,"date":"2020-04-01T13:52:30","date_gmt":"2020-04-01T13:52:30","guid":{"rendered":"http:\/\/www.crazysambo.it\/baseball-softball\/?page_id=1119"},"modified":"2023-04-05T08:40:32","modified_gmt":"2023-04-05T08:40:32","slug":"informativa-della-privacy","status":"publish","type":"page","link":"https:\/\/www.crazysambo.it\/baseball-softball\/chisiamo\/informativa-della-privacy\/","title":{"rendered":"Informativa della Privacy"},"content":{"rendered":"\n<p><strong>GDPR<\/strong><\/p>\n\n\n\n<p><strong>PRIVACY POLICY (ai sensi dell\u2019art. 13 del Reg. 2016\/679\/U.E.)<\/strong><\/p>\n\n\n\n<p>In questa pagina si descrivono le modalit\u00e0 di gestione del presente sito internet in riferimento al trattamento dei<\/p>\n\n\n\n<p>dati personali degli utenti che lo consultano. Il trattamento dei dati viene effettuato nel rispetto dei criteri previsti<\/p>\n\n\n\n<p>dal regolamento europeo in materia di protezione dei dati personali, Reg. 2016\/679\/UE e di ogni altro testo<\/p>\n\n\n\n<p>legislativo nazionale, provvedimento o autorizzazione dell\u2019Autorit\u00e0 competente allo stesso collegato. Secondo la<\/p>\n\n\n\n<p>normativa indicata, il trattamento deve essere improntato ai principi di correttezza, liceit\u00e0 e trasparenza e di tutela<\/p>\n\n\n\n<p>della Sua riservatezza e dei Suoi diritti.<\/p>\n\n\n\n<p>L&#8217;informativa \u00e8 resa <strong>solo per questo sito e non anche per altri siti web eventualmente consultati <\/strong>dall&#8217;utente tramite<\/p>\n\n\n\n<p>link. Tramite la navigazione sul portale sono possibili i seguenti servizi:<\/p>\n\n\n\n<p>a) permettere la navigazione sul sito web (indirizzo IP);<\/p>\n\n\n\n<p>b) rispondere a Vostre richieste di informazioni in merito ai prodotti venduti dal Titolare del trattamento;<\/p>\n\n\n\n<p>c) consentire l\u2019acquisto dei prodotti venduti dal Titolare.<\/p>\n\n\n\n<p><strong>TITOLARE DEL TRATTAMENTO DEI DATI PERSONALI<\/strong><\/p>\n\n\n\n<p>Il <strong>Titolare del trattamento <\/strong>dei dati personali \u00e8 la Societ\u00e0 <strong>A.S.D. Crazy Sambonifacese Baseball Softball<\/strong>, con sede<\/p>\n\n\n\n<p>legale in Via A. Pigafetta n. 9 \u2013 37047 San Bonifacio (VR), in persona del legale rappresentante pro tempore Simone<\/p>\n\n\n\n<p>Lonardi, tel. 346 6251986, e-mail: info@crazysambo.it, pec: crazysambo@pec.it, P.IVA: 02919320230.<\/p>\n\n\n\n<p><strong>LUOGO DI TRATTAMENTO DEI DATI, COMUNICAZIONE E DIFFUSIONE<\/strong><\/p>\n\n\n\n<p>I trattamenti connessi ai servizi web di questo sito hanno luogo presso la predetta sede della Societ\u00e0 e\/o comunque<\/p>\n\n\n\n<p>sono curati dal personale autorizzato o, qualora sia necessario, da personale esterno nominato (es. per operazioni<\/p>\n\n\n\n<p>di manutenzione e aggiornamento dei sistemi informatici).<\/p>\n\n\n\n<p>Nessun dato derivante dal servizio web \u00e8 invece oggetto di diffusione.<\/p>\n\n\n\n<p>Il Titolare del trattamento informa inoltre che non ricorre a processi decisionali totalmente automatizzati, compresa<\/p>\n\n\n\n<p>la profilazione, per il raggiungimento delle finalit\u00e0 previste nella presente informativa.<\/p>\n\n\n\n<p><strong>FINALIT\u00c0 E BASE GIURIDICHE DEL TRATTAMENTO<\/strong><\/p>\n\n\n\n<p>I dati personali forniti dagli utenti che inoltrano richieste di informazioni in merito alle attivit\u00e0 e servizi forniti dal<\/p>\n\n\n\n<p>Titolare saranno utilizzati per dare riscontro a quanto contenuto nella richiesta.<\/p>\n\n\n\n<p>I dati personali forniti dagli utenti per l\u2019iscrizione ad eventi organizzati dal Titolare saranno utilizzati unicamente per<\/p>\n\n\n\n<p>dare seguito alla richiesta e consentire all\u2019utente la partecipazione all\u2019evento e l\u2019accesso ai servizi allo stesso<\/p>\n\n\n\n<p>collegati.<\/p>\n\n\n\n<p>Le basi giuridiche del trattamento dei dati sono:<\/p>\n\n\n\n<p>1) art. 6.1 lett. b) G.D.P.R. \u201c<em>adempimento di obblighi contrattuali e precontrattuali<\/em>\u201d;<\/p>\n\n\n\n<p>2) art. 6.1 lett. f) G.D.P.R. <em>\u201clegittimo interesse del Titolare del Trattamento\u201d<\/em>, consistente nel tenere aggiornati<\/p>\n\n\n\n<p>gli associati ed i potenziali associati sulle attivit\u00e0 di promozione della pratica sportiva del baseball e del<\/p>\n\n\n\n<p>softball poste in essere.<\/p>\n\n\n\n<p><strong>TIPOLOGIA DI DATI TRATTATI<\/strong><\/p>\n\n\n\n<p><strong>Dati di navigazione<\/strong><\/p>\n\n\n\n<p>I sistemi informatici e le procedure software preposte al funzionamento di questo sito web acquisiscono, nel corso<\/p>\n\n\n\n<p>del loro normale esercizio, alcuni dati personali la cui trasmissione \u00e8 implicita nell&#8217;uso dei protocolli di comunicazione<\/p>\n\n\n\n<p>di Internet.<\/p>\n\n\n\n<p>Si tratta di informazioni che non sono raccolte per essere associate a interessati identificati, ma che per loro stessa<\/p>\n\n\n\n<p>natura potrebbero, attraverso elaborazioni ed associazioni con dati detenuti da terzi, permettere di identificare gli<\/p>\n\n\n\n<p>utenti.<\/p>\n\n\n\n<p>In questa categoria di dati rientrano gli indirizzi IP o i nomi a dominio dei computer utilizzati dagli utenti che si<\/p>\n\n\n\n<p>connettono al sito, gli indirizzi in notazione URI (<em>Uniform Resource Identifier<\/em>) delle risorse richieste, l&#8217;orario della<\/p>\n\n\n\n<p>richiesta, il metodo utilizzato nel sottoporre la richiesta al server, la dimensione del file ottenuto in risposta, il codice<\/p>\n\n\n\n<p>numerico indicante lo stato della risposta data dal server (buon fine, errore, ecc.) ed altri parametri relativi al sistema<\/p>\n\n\n\n<p>operativo e all&#8217;ambiente informatico dell&#8217;utente.<\/p>\n\n\n\n<p>Questa tipologia di dati viene utilizzata al solo fine di ricavare informazioni statistiche anonime sull&#8217;uso del sito e per<\/p>\n\n\n\n<p>controllarne il corretto funzionamento. I dati potrebbero essere utilizzati per l&#8217;accertamento di responsabilit\u00e0 in caso<\/p>\n\n\n\n<p>di ipotetici reati informatici ai danni del sito. Per questi dati, limitatamente per la finalit\u00e0 suddetta, non \u00e8 necessario<\/p>\n\n\n\n<p>richiedere il consenso esplicito.<\/p>\n\n\n\n<p><strong>Dati forniti volontariamente dall&#8217;utente<\/strong><\/p>\n\n\n\n<p>Sono raccolti dati personali quali nome, cognome, indirizzo e-mail, numero di telefono, indirizzo di residenza, luogo<\/p>\n\n\n\n<p>e data di nascita, codice fiscale, per il servizio di iscrizione agli eventi organizzati dal Titolare.<\/p>\n\n\n\n<p><strong>Cookies<\/strong><\/p>\n\n\n\n<p>La politica dei cookie \u00e8 presente nell\u2019apposita sezione \u201cCookie Policy\u201d.<\/p>\n\n\n\n<p><strong>TRASFERIMENTO DEI DATI VERSO PAESI EXTRA U.E.<\/strong><\/p>\n\n\n\n<p>Il Titolare del trattamento dei dati non trasferisce (e non conserva) dati personali raccolti dal sito web in paesi terzi<\/p>\n\n\n\n<p>extra U.E.<\/p>\n\n\n\n<p><strong>TERMINI DI CANCELLAZIONE<\/strong><\/p>\n\n\n\n<p>Il Titolare tratter\u00e0 i dati personali per il tempo necessario per adempiere alle finalit\u00e0 perseguite dalla Societ\u00e0 e<\/p>\n\n\n\n<p>comunque non oltre 10 anni dalla cessazione del rapporto contrattuale. I dati di contatto funzionali al servizio di<\/p>\n\n\n\n<p>iscrizione ad un evento saranno cancellati all\u2019esito dell\u2019evento stesso o immediatamente a seguito dell\u2019esercizio del<\/p>\n\n\n\n<p>diritto di opposizione o di cancellazione (oblio).<\/p>\n\n\n\n<p><strong>DIRITTI DEGLI INTERESSATI<\/strong><\/p>\n\n\n\n<p>Ai sensi degli artt. 15 \u2013 22 G.D.P.R., l\u2019interessato ha diritto di chiedere al titolare del trattamento l&#8217;accesso ai Suoi<\/p>\n\n\n\n<p>dati personali ovvero la rettifica ovvero la cancellazione degli stessi o la limitazione del trattamento che la<\/p>\n\n\n\n<p>riguardano, ovvero ha diritto di opporsi al loro trattamento, oltre al diritto di richiedere la portabilit\u00e0 dei dati stessi.<\/p>\n\n\n\n<p>La richiesta pu\u00f2 essere fatta a mezzo e-mail o raccomandata con oggetto: \u201crichiesta da parte dell\u2019interessato\u201d<\/p>\n\n\n\n<p>specificando nella richiesta il diritto che l\u2019interessato vuole esercitare (cancellazione, rettifica, portabilit\u00e0, oblio),<\/p>\n\n\n\n<p>unitamente ad un valido indirizzo di posta elettronica\/pec al quale recapitare il riscontro.<\/p>\n\n\n\n<p>Il titolare del trattamento o, chiunque dallo stesso incaricato, proceder\u00e0 a soddisfare la richiesta entro 30 giorni dalla<\/p>\n\n\n\n<p>data di ricevimento. Qualora la risposta fosse complessa, il tempo potrebbe allungarsi ad ulteriori 30 giorni, previa<\/p>\n\n\n\n<p>tempestiva comunicazione allo stesso interessato.<\/p>\n\n\n\n<p>Qualora ritenga opportuno far valere i suoi diritti, ha facolt\u00e0 di proporre reclamo all\u2019autorit\u00e0 di controllo<\/p>\n\n\n\n<p>competente, corrispondente al Garante per la protezione dei dati personali, con sede in Piazza Venezia, 11 &#8211; 00187<\/p>\n\n\n\n<p>Roma, e-mail: protocollo@gpdp.it.<\/p>\n\n\n\n<p>San Bonifacio l\u00ec, 21 febbraio 2023<\/p>\n","protected":false},"excerpt":{"rendered":"<p>GDPR PRIVACY POLICY (ai sensi dell\u2019art. 13 del Reg. 2016\/679\/U.E.) In questa pagina si descrivono le modalit\u00e0 di gestione del presente sito internet in riferimento al trattamento dei dati personali degli utenti che lo consultano. Il trattamento dei dati viene effettuato nel rispetto dei criteri previsti dal regolamento europeo in materia di protezione dei dati [&hellip;]<\/p>\n","protected":false},"author":2,"featured_media":0,"parent":2,"menu_order":0,"comment_status":"closed","ping_status":"closed","template":"","meta":{"footnotes":""},"class_list":["post-1119","page","type-page","status-publish","hentry"],"_links":{"self":[{"href":"https:\/\/www.crazysambo.it\/baseball-softball\/wp-json\/wp\/v2\/pages\/1119","targetHints":{"allow":["GET"]}}],"collection":[{"href":"https:\/\/www.crazysambo.it\/baseball-softball\/wp-json\/wp\/v2\/pages"}],"about":[{"href":"https:\/\/www.crazysambo.it\/baseball-softball\/wp-json\/wp\/v2\/types\/page"}],"author":[{"embeddable":true,"href":"https:\/\/www.crazysambo.it\/baseball-softball\/wp-json\/wp\/v2\/users\/2"}],"replies":[{"embeddable":true,"href":"https:\/\/www.crazysambo.it\/baseball-softball\/wp-json\/wp\/v2\/comments?post=1119"}],"version-history":[{"count":2,"href":"https:\/\/www.crazysambo.it\/baseball-softball\/wp-json\/wp\/v2\/pages\/1119\/revisions"}],"predecessor-version":[{"id":1261,"href":"https:\/\/www.crazysambo.it\/baseball-softball\/wp-json\/wp\/v2\/pages\/1119\/revisions\/1261"}],"up":[{"embeddable":true,"href":"https:\/\/www.crazysambo.it\/baseball-softball\/wp-json\/wp\/v2\/pages\/2"}],"wp:attachment":[{"href":"https:\/\/www.crazysambo.it\/baseball-softball\/wp-json\/wp\/v2\/media?parent=1119"}],"curies":[{"name":"wp","href":"https:\/\/api.w.org\/{rel}","templated":true}]}}